{"id":371,"date":"2024-08-14T12:06:09","date_gmt":"2024-08-14T12:06:09","guid":{"rendered":"https:\/\/lightpink-chicken-286803.hostingersite.com\/?page_id=371"},"modified":"2024-10-07T06:31:05","modified_gmt":"2024-10-07T06:31:05","slug":"gourmet-pleasures-in","status":"publish","type":"page","link":"https:\/\/onceinbrussels.be\/nl\/gourmet-pleasures-in\/","title":{"rendered":"Plaisirs Gourmands (individuel)"},"content":{"rendered":"<style>.kb-row-layout-id371_507001-81 > .kt-row-column-wrap{align-content:start;}:where(.kb-row-layout-id371_507001-81 > .kt-row-column-wrap) > .wp-block-kadence-column{justify-content:start;}.kb-row-layout-id371_507001-81 > .kt-row-column-wrap{column-gap:var(--global-kb-gap-md, 2rem);row-gap:var(--global-kb-gap-md, 2rem);padding-top:var(--global-kb-spacing-sm, 1.5rem);padding-bottom:var(--global-kb-spacing-sm, 1.5rem);}.kb-row-layout-id371_507001-81 > .kt-row-column-wrap > div:not(.added-for-specificity){grid-column:initial;}.kb-row-layout-id371_507001-81 > .kt-row-column-wrap{grid-template-columns:minmax(0, 1fr) minmax(0, 6fr) minmax(0, 1fr);}.kb-row-layout-id371_507001-81 > .kt-row-layout-overlay{opacity:0.30;}@media all and (max-width: 1024px){.kb-row-layout-id371_507001-81 > .kt-row-column-wrap > div:not(.added-for-specificity){grid-column:initial;}}@media all and (max-width: 1024px){.kb-row-layout-id371_507001-81 > .kt-row-column-wrap{grid-template-columns:minmax(0, 1fr) minmax(0, 6fr) minmax(0, 1fr);}}@media all and (max-width: 767px){.kb-row-layout-id371_507001-81 > .kt-row-column-wrap{padding-right:var(--global-kb-spacing-xs, 1rem);padding-left:var(--global-kb-spacing-xs, 1rem);grid-template-columns:minmax(0, 1fr);}.kb-row-layout-id371_507001-81 > .kt-row-column-wrap > div:not(.added-for-specificity){grid-column:initial;}}<\/style><div class=\"kb-row-layout-wrap kb-row-layout-id371_507001-81 alignnone wp-block-kadence-rowlayout\"><div class=\"kt-row-column-wrap kt-has-3-columns kt-row-layout-center-exwide kt-tab-layout-inherit kt-mobile-layout-row kt-row-valign-top\">\n<style>.kadence-column371_39ccd2-16 > .kt-inside-inner-col,.kadence-column371_39ccd2-16 > .kt-inside-inner-col:before{border-top-left-radius:0px;border-top-right-radius:0px;border-bottom-right-radius:0px;border-bottom-left-radius:0px;}.kadence-column371_39ccd2-16 > .kt-inside-inner-col{column-gap:var(--global-kb-gap-sm, 1rem);}.kadence-column371_39ccd2-16 > .kt-inside-inner-col{flex-direction:column;}.kadence-column371_39ccd2-16 > .kt-inside-inner-col > .aligncenter{width:100%;}.kadence-column371_39ccd2-16 > .kt-inside-inner-col:before{opacity:0.3;}.kadence-column371_39ccd2-16{position:relative;}@media all and (max-width: 1024px){.kadence-column371_39ccd2-16 > .kt-inside-inner-col{flex-direction:column;justify-content:center;}}@media all and (max-width: 767px){.kadence-column371_39ccd2-16 > .kt-inside-inner-col{flex-direction:column;justify-content:center;}}<\/style>\n<div class=\"wp-block-kadence-column kadence-column371_39ccd2-16\"><div class=\"kt-inside-inner-col\"><\/div><\/div>\n\n\n<style>.kadence-column371_75c9b0-35 > .kt-inside-inner-col{display:flex;}.kadence-column371_75c9b0-35 > .kt-inside-inner-col,.kadence-column371_75c9b0-35 > .kt-inside-inner-col:before{border-top-left-radius:0px;border-top-right-radius:0px;border-bottom-right-radius:0px;border-bottom-left-radius:0px;}.kadence-column371_75c9b0-35 > .kt-inside-inner-col{column-gap:var(--global-kb-gap-sm, 1rem);}.kadence-column371_75c9b0-35 > .kt-inside-inner-col{flex-direction:column;justify-content:center;}.kadence-column371_75c9b0-35 > .kt-inside-inner-col > .aligncenter{width:100%;}.kt-row-column-wrap > .kadence-column371_75c9b0-35{align-self:center;}.kt-inner-column-height-full:not(.kt-has-1-columns) > .wp-block-kadence-column.kadence-column371_75c9b0-35{align-self:auto;}.kt-inner-column-height-full:not(.kt-has-1-columns) > .wp-block-kadence-column.kadence-column371_75c9b0-35 > .kt-inside-inner-col{flex-direction:column;justify-content:center;}.kadence-column371_75c9b0-35 > .kt-inside-inner-col:before{opacity:0.3;}.kadence-column371_75c9b0-35{position:relative;}@media all and (max-width: 1024px){.kt-row-column-wrap > .kadence-column371_75c9b0-35{align-self:center;}}@media all and (max-width: 1024px){.kt-inner-column-height-full:not(.kt-has-1-columns) > .wp-block-kadence-column.kadence-column371_75c9b0-35{align-self:auto;}}@media all and (max-width: 1024px){.kt-inner-column-height-full:not(.kt-has-1-columns) > .wp-block-kadence-column.kadence-column371_75c9b0-35 > .kt-inside-inner-col{flex-direction:column;justify-content:center;}}@media all and (max-width: 1024px){.kadence-column371_75c9b0-35 > .kt-inside-inner-col{flex-direction:column;justify-content:center;}}@media all and (max-width: 767px){.kt-row-column-wrap > .kadence-column371_75c9b0-35{align-self:center;}.kt-inner-column-height-full:not(.kt-has-1-columns) > .wp-block-kadence-column.kadence-column371_75c9b0-35{align-self:auto;}.kt-inner-column-height-full:not(.kt-has-1-columns) > .wp-block-kadence-column.kadence-column371_75c9b0-35 > .kt-inside-inner-col{flex-direction:column;justify-content:center;}.kadence-column371_75c9b0-35 > .kt-inside-inner-col{flex-direction:column;justify-content:center;}}<\/style>\n<div class=\"wp-block-kadence-column kadence-column371_75c9b0-35\"><div class=\"kt-inside-inner-col\"><style>.wp-block-kadence-spacer.kt-block-spacer-371_43813e-65 .kt-block-spacer{height:150px;}.wp-block-kadence-spacer.kt-block-spacer-371_43813e-65 .kt-divider{border-top-width:1px;height:1px;border-top-color:#eee;width:80%;border-top-style:solid;}<\/style>\n<div class=\"wp-block-kadence-spacer aligncenter kt-block-spacer-371_43813e-65\"><div class=\"kt-block-spacer kt-block-spacer-halign-center\"><\/div><\/div>\n\n\n<style>.kb-image371_0bfb8a-99.kb-image-is-ratio-size, .kb-image371_0bfb8a-99 .kb-image-is-ratio-size{max-width:250px;width:100%;}.wp-block-kadence-column > .kt-inside-inner-col > .kb-image371_0bfb8a-99.kb-image-is-ratio-size, .wp-block-kadence-column > .kt-inside-inner-col > .kb-image371_0bfb8a-99 .kb-image-is-ratio-size{align-self:unset;}.kb-image371_0bfb8a-99 figure{max-width:250px;}.kb-image371_0bfb8a-99 .image-is-svg, .kb-image371_0bfb8a-99 .image-is-svg img{width:100%;}.kb-image371_0bfb8a-99 .kb-image-has-overlay:after{opacity:0.3;}<\/style>\n<div class=\"wp-block-kadence-image kb-image371_0bfb8a-99\"><figure class=\"aligncenter size-large\"><img loading=\"lazy\" decoding=\"async\" width=\"1024\" height=\"724\" src=\"https:\/\/onceinbrussels-be.preview-domain.com\/wp-content\/uploads\/2024\/08\/Logo-OnceInBrussels-PNG-transparent-1024x724.png\" alt=\"\" class=\"kb-img wp-image-23\" srcset=\"https:\/\/onceinbrussels.be\/wp-content\/uploads\/2024\/08\/Logo-OnceInBrussels-PNG-transparent-1024x724.png 1024w, https:\/\/onceinbrussels.be\/wp-content\/uploads\/2024\/08\/Logo-OnceInBrussels-PNG-transparent-300x212.png 300w, https:\/\/onceinbrussels.be\/wp-content\/uploads\/2024\/08\/Logo-OnceInBrussels-PNG-transparent-768x543.png 768w, https:\/\/onceinbrussels.be\/wp-content\/uploads\/2024\/08\/Logo-OnceInBrussels-PNG-transparent-1536x1086.png 1536w, https:\/\/onceinbrussels.be\/wp-content\/uploads\/2024\/08\/Logo-OnceInBrussels-PNG-transparent-2048x1448.png 2048w\" sizes=\"auto, (max-width: 1024px) 100vw, 1024px\" \/><\/figure><\/div>\n\n\n<style>.wp-block-kadence-advancedheading.kt-adv-heading371_397811-42, .wp-block-kadence-advancedheading.kt-adv-heading371_397811-42[data-kb-block=\"kb-adv-heading371_397811-42\"]{text-align:center;font-weight:400;font-style:normal;font-family:Geomanist-Medium;}.wp-block-kadence-advancedheading.kt-adv-heading371_397811-42 mark.kt-highlight, .wp-block-kadence-advancedheading.kt-adv-heading371_397811-42[data-kb-block=\"kb-adv-heading371_397811-42\"] mark.kt-highlight{font-style:normal;color:#f76a0c;-webkit-box-decoration-break:clone;box-decoration-break:clone;padding-top:0px;padding-right:0px;padding-bottom:0px;padding-left:0px;}.wp-block-kadence-advancedheading.kt-adv-heading371_397811-42 img.kb-inline-image, .wp-block-kadence-advancedheading.kt-adv-heading371_397811-42[data-kb-block=\"kb-adv-heading371_397811-42\"] img.kb-inline-image{width:150px;vertical-align:baseline;}<\/style>\n<h2 class=\"kt-adv-heading371_397811-42 wp-block-kadence-advancedheading\" data-kb-block=\"kb-adv-heading371_397811-42\">Plaisirs gourmands<\/h2>\n\n\n<style>.kb-row-layout-id371_a46d27-b5 > .kt-row-column-wrap{align-content:start;}:where(.kb-row-layout-id371_a46d27-b5 > .kt-row-column-wrap) > .wp-block-kadence-column{justify-content:start;}.kb-row-layout-id371_a46d27-b5 > .kt-row-column-wrap{column-gap:var(--global-kb-gap-md, 2rem);row-gap:var(--global-kb-gap-md, 2rem);padding-top:var(--global-kb-spacing-sm, 1.5rem);padding-bottom:var(--global-kb-spacing-sm, 1.5rem);grid-template-columns:minmax(0, 1fr) minmax(0, 2fr);}.kb-row-layout-id371_a46d27-b5 > .kt-row-layout-overlay{opacity:0.30;}@media all and (max-width: 1024px){.kb-row-layout-id371_a46d27-b5 > .kt-row-column-wrap{grid-template-columns:minmax(0, 1fr) minmax(0, 2fr);}}@media all and (max-width: 767px){.kb-row-layout-id371_a46d27-b5 > .kt-row-column-wrap{grid-template-columns:minmax(0, 1fr);}}<\/style><div class=\"kb-row-layout-wrap kb-row-layout-id371_a46d27-b5 alignnone wp-block-kadence-rowlayout\"><div class=\"kt-blocks-carousel kb-blocks-bg-slider kt-carousel-container-dotstyle-dark\"><div class=\"kt-blocks-carousel-init splide kb-blocks-bg-slider-init kt-carousel-arrowstyle-none kt-carousel-dotstyle-dark\" data-slider-anim-speed=\"400\" data-slider-type=\"slider\" data-slider-scroll=\"1\" data-slider-arrows=\"false\" data-slider-fade=\"true\" data-slider-dots=\"true\" data-slider-hover-pause=\"false\" data-slider-auto=\"true\" data-slider-speed=\"7000\" data-show-pause-button=\"false\"><div class=\"splide__track\"><ul class=\"splide__list\"><li class=\"splide__slide kb-bg-slide-contain\"><div  class=\"kb-bg-slide kb-bg-slide-0\" style=\"background-image:url(https:\/\/onceinbrussels.be\/wp-content\/uploads\/2024\/09\/element_9.png); background-size:contain; background-position:center center; background-repeat:no-repeat;\"><\/div><\/li><\/ul><\/div><\/div><\/div><div class=\"kt-row-column-wrap kt-has-2-columns kt-row-layout-right-golden kt-tab-layout-inherit kt-mobile-layout-row kt-row-valign-top\">\n<style>.kadence-column371_2773d7-5a > .kt-inside-inner-col{padding-right:var(--global-kb-spacing-xs, 1rem);padding-left:var(--global-kb-spacing-xs, 1rem);}.kadence-column371_2773d7-5a > .kt-inside-inner-col,.kadence-column371_2773d7-5a > .kt-inside-inner-col:before{border-top-left-radius:0px;border-top-right-radius:0px;border-bottom-right-radius:0px;border-bottom-left-radius:0px;}.kadence-column371_2773d7-5a > .kt-inside-inner-col{column-gap:var(--global-kb-gap-sm, 1rem);}.kadence-column371_2773d7-5a > .kt-inside-inner-col{flex-direction:column;}.kadence-column371_2773d7-5a > .kt-inside-inner-col > .aligncenter{width:100%;}.kadence-column371_2773d7-5a > .kt-inside-inner-col:before{opacity:0.3;}.kadence-column371_2773d7-5a{position:relative;}@media all and (max-width: 1024px){.kadence-column371_2773d7-5a > .kt-inside-inner-col{flex-direction:column;justify-content:center;}}@media all and (max-width: 767px){.kadence-column371_2773d7-5a > .kt-inside-inner-col{flex-direction:column;justify-content:center;}}<\/style>\n<div class=\"wp-block-kadence-column kadence-column371_2773d7-5a\"><div class=\"kt-inside-inner-col\"><style>.kb-image371_5810db-0a .kb-image-has-overlay:after{opacity:0.3;border-top-left-radius:30px;border-top-right-radius:30px;border-bottom-right-radius:30px;border-bottom-left-radius:30px;}.kb-image371_5810db-0a img.kb-img, .kb-image371_5810db-0a .kb-img img{border-top-left-radius:30px;border-top-right-radius:30px;border-bottom-right-radius:30px;border-bottom-left-radius:30px;}<\/style>\n<figure class=\"wp-block-kadence-image kb-image371_5810db-0a size-large\"><img loading=\"lazy\" decoding=\"async\" width=\"1024\" height=\"683\" src=\"https:\/\/onceinbrussels.be\/wp-content\/uploads\/2024\/08\/food-3052040_1920-1024x683.jpg\" alt=\"\" class=\"kb-img wp-image-307\" srcset=\"https:\/\/onceinbrussels.be\/wp-content\/uploads\/2024\/08\/food-3052040_1920-1024x683.jpg 1024w, https:\/\/onceinbrussels.be\/wp-content\/uploads\/2024\/08\/food-3052040_1920-300x200.jpg 300w, https:\/\/onceinbrussels.be\/wp-content\/uploads\/2024\/08\/food-3052040_1920-768x512.jpg 768w, https:\/\/onceinbrussels.be\/wp-content\/uploads\/2024\/08\/food-3052040_1920-1536x1024.jpg 1536w, https:\/\/onceinbrussels.be\/wp-content\/uploads\/2024\/08\/food-3052040_1920.jpg 1920w\" sizes=\"auto, (max-width: 1024px) 100vw, 1024px\" \/><\/figure>\n\n\n<style>.wp-block-kadence-advancedheading.kt-adv-heading371_e62ff8-ac, .wp-block-kadence-advancedheading.kt-adv-heading371_e62ff8-ac[data-kb-block=\"kb-adv-heading371_e62ff8-ac\"]{font-style:normal;border-top-left-radius:30px;border-top-right-radius:30px;border-bottom-right-radius:30px;border-bottom-left-radius:30px;}.wp-block-kadence-advancedheading.kt-adv-heading371_e62ff8-ac mark.kt-highlight, .wp-block-kadence-advancedheading.kt-adv-heading371_e62ff8-ac[data-kb-block=\"kb-adv-heading371_e62ff8-ac\"] mark.kt-highlight{font-style:normal;color:#f76a0c;-webkit-box-decoration-break:clone;box-decoration-break:clone;padding-top:0px;padding-right:0px;padding-bottom:0px;padding-left:0px;}.wp-block-kadence-advancedheading.kt-adv-heading371_e62ff8-ac img.kb-inline-image, .wp-block-kadence-advancedheading.kt-adv-heading371_e62ff8-ac[data-kb-block=\"kb-adv-heading371_e62ff8-ac\"] img.kb-inline-image{width:150px;vertical-align:baseline;}<\/style>\n<p class=\"kt-adv-heading371_e62ff8-ac wp-block-kadence-advancedheading has-theme-palette-7-color has-text-color has-theme-palette-1-background-color has-background\" data-kb-block=\"kb-adv-heading371_e62ff8-ac\">Appliquez la philosophie de Once in Brussels \u00e0 vos papilles gustatives, ajoutez-y nos bonnes adresses, mixez avec des sp\u00e9cialit\u00e9s bien de chez nous, saupoudrez d\u2019une pinc\u00e9e d\u2019humour et de bonne humeur, et vous obtiendrez nos plaisirs gourmands. Nous amenons amateurs et sp\u00e9cialistes \u00e0 se plonger dans l\u2019univers du chocolat ou dans le monde de la bi\u00e8re. Tandis que nos ripailles vous invitent \u00e0 d\u00e9couvrir Bruxelles lors de repas itin\u00e9rants conviviaux.<\/p>\n<\/div><\/div>\n\n\n<style>.kadence-column371_74000d-19 > .kt-inside-inner-col,.kadence-column371_74000d-19 > .kt-inside-inner-col:before{border-top-left-radius:30px;border-top-right-radius:30px;border-bottom-right-radius:30px;border-bottom-left-radius:30px;}.kadence-column371_74000d-19 > .kt-inside-inner-col{column-gap:var(--global-kb-gap-sm, 1rem);}.kadence-column371_74000d-19 > .kt-inside-inner-col{flex-direction:column;}.kadence-column371_74000d-19 > .kt-inside-inner-col > .aligncenter{width:100%;}.kadence-column371_74000d-19 > .kt-inside-inner-col:before{opacity:0.3;}.kadence-column371_74000d-19{position:relative;}@media all and (max-width: 1024px){.kadence-column371_74000d-19 > .kt-inside-inner-col{flex-direction:column;justify-content:center;}}@media all and (max-width: 767px){.kadence-column371_74000d-19 > .kt-inside-inner-col{flex-direction:column;justify-content:center;}}<\/style>\n<div class=\"wp-block-kadence-column kadence-column371_74000d-19\"><div class=\"kt-inside-inner-col\">\n<div class=\"wp-block-amelia-events-list-booking-gutenberg-block\"><script>\n  if (typeof hasAmeliaEvent === 'undefined') {\n    var hasAmeliaEvent = true;\n  }\n  if (typeof hasEventApiCall === 'undefined' && ('' === '' && '' !== '1')) {\n    var hasEventApiCall = true;\n  }\n  var hasEventShortcode = (typeof hasEventShortcode === 'undefined') ? false : true;\n  var ameliaShortcodeData = (typeof ameliaShortcodeData === 'undefined') ? [] : ameliaShortcodeData;\n  ameliaShortcodeData.push(\n    {\n      'hasApiCall': (typeof hasEventApiCall !== 'undefined') && hasEventApiCall,\n      'trigger': '',\n      'trigger_type': '',\n      'triggered_form': 'elf',\n      'in_dialog': '',\n      'counter': '1000',\n      'employee': '',\n      'eventId': '',\n      'eventRecurring': 0,\n      'eventTag': \"{Plaisirs Gourmands}\",\n      'locationId': \"\"\n    }\n  );\n  var ameliaShortcodeDataTriggered = (typeof ameliaShortcodeDataTriggered === 'undefined') ? [] : ameliaShortcodeDataTriggered;\n  if (ameliaShortcodeData[ameliaShortcodeData.length - 1].trigger !== '') {\n    if (ameliaShortcodeDataTriggered.filter(a => a.counter === ameliaShortcodeData[ameliaShortcodeData.length - 1].counter).length === 0) {\n      ameliaShortcodeDataTriggered.push(ameliaShortcodeData.pop());\n    } else {\n      ameliaShortcodeData.pop()\n    }\n  }\n  if (typeof hasEventApiCall !== 'undefined' && hasEventApiCall) {\n    hasEventApiCall = false;\n  }\n<\/script>\n\n<div\n  id=\"amelia-v2-booking-1000\"\n  class=\"amelia-v2-booking\"\n>\n    <events-list-form-wrapper><\/div>\n<\/div>\n<\/div><\/div>\n\n<\/div><\/div>\n\n<style>.wp-block-kadence-advancedheading.kt-adv-heading371_9a5d9f-e0, .wp-block-kadence-advancedheading.kt-adv-heading371_9a5d9f-e0[data-kb-block=\"kb-adv-heading371_9a5d9f-e0\"]{text-align:center;font-style:normal;}.wp-block-kadence-advancedheading.kt-adv-heading371_9a5d9f-e0 mark.kt-highlight, .wp-block-kadence-advancedheading.kt-adv-heading371_9a5d9f-e0[data-kb-block=\"kb-adv-heading371_9a5d9f-e0\"] mark.kt-highlight{font-style:normal;color:#f76a0c;-webkit-box-decoration-break:clone;box-decoration-break:clone;padding-top:0px;padding-right:0px;padding-bottom:0px;padding-left:0px;}.wp-block-kadence-advancedheading.kt-adv-heading371_9a5d9f-e0 img.kb-inline-image, .wp-block-kadence-advancedheading.kt-adv-heading371_9a5d9f-e0[data-kb-block=\"kb-adv-heading371_9a5d9f-e0\"] img.kb-inline-image{width:150px;vertical-align:baseline;}<\/style>\n<h2 class=\"kt-adv-heading371_9a5d9f-e0 wp-block-kadence-advancedheading\" data-kb-block=\"kb-adv-heading371_9a5d9f-e0\">Vous recherchez une activit\u00e9 pour un groupe ou sur mesure ?<\/h2>\n\n\n<style>.wp-block-kadence-advancedbtn.kb-btns371_3c8d98-41{gap:var(--global-kb-gap-xs, 0.5rem );justify-content:center;align-items:center;}.kt-btns371_3c8d98-41 .kt-button{font-weight:normal;font-style:normal;}.kt-btns371_3c8d98-41 .kt-btn-wrap-0{margin-right:5px;}.wp-block-kadence-advancedbtn.kt-btns371_3c8d98-41 .kt-btn-wrap-0 .kt-button{color:#555555;border-color:#555555;}.wp-block-kadence-advancedbtn.kt-btns371_3c8d98-41 .kt-btn-wrap-0 .kt-button:hover, .wp-block-kadence-advancedbtn.kt-btns371_3c8d98-41 .kt-btn-wrap-0 .kt-button:focus{color:#ffffff;border-color:#444444;}.wp-block-kadence-advancedbtn.kt-btns371_3c8d98-41 .kt-btn-wrap-0 .kt-button::before{display:none;}.wp-block-kadence-advancedbtn.kt-btns371_3c8d98-41 .kt-btn-wrap-0 .kt-button:hover, .wp-block-kadence-advancedbtn.kt-btns371_3c8d98-41 .kt-btn-wrap-0 .kt-button:focus{background:#444444;}<\/style>\n<div class=\"wp-block-kadence-advancedbtn kb-buttons-wrap kb-btns371_3c8d98-41\"><style>ul.menu .wp-block-kadence-advancedbtn .kb-btn371_7951de-80.kb-button{width:initial;}.wp-block-kadence-advancedbtn .kb-btn371_7951de-80.kb-button{border-top-left-radius:20px;border-top-right-radius:20px;border-bottom-right-radius:20px;border-bottom-left-radius:20px;}<\/style><a class=\"kb-button kt-button button kb-btn371_7951de-80 kt-btn-size-large kt-btn-width-type-auto kb-btn-global-fill  kt-btn-has-text-true kt-btn-has-svg-false  wp-block-kadence-singlebtn\" href=\"https:\/\/onceinbrussels.be\/plaisirs-gourmands-groupe-francais\/\"><span class=\"kt-btn-inner-text\">C&rsquo;est ici !<\/span><\/a><\/div>\n\n\n<style>.kb-image371_48a5fe-2b .kb-image-has-overlay:after{opacity:0.3;}<\/style>\n<div class=\"wp-block-kadence-image kb-image371_48a5fe-2b\"><figure class=\"aligncenter size-large\"><img loading=\"lazy\" decoding=\"async\" width=\"1024\" height=\"280\" src=\"https:\/\/onceinbrussels.be\/wp-content\/uploads\/2024\/09\/entete_element-1024x280.png\" alt=\"\" class=\"kb-img wp-image-629\" srcset=\"https:\/\/onceinbrussels.be\/wp-content\/uploads\/2024\/09\/entete_element-1024x280.png 1024w, https:\/\/onceinbrussels.be\/wp-content\/uploads\/2024\/09\/entete_element-300x82.png 300w, https:\/\/onceinbrussels.be\/wp-content\/uploads\/2024\/09\/entete_element-768x210.png 768w, https:\/\/onceinbrussels.be\/wp-content\/uploads\/2024\/09\/entete_element-1536x421.png 1536w, https:\/\/onceinbrussels.be\/wp-content\/uploads\/2024\/09\/entete_element-2048x561.png 2048w, https:\/\/onceinbrussels.be\/wp-content\/uploads\/2024\/09\/entete_element-18x5.png 18w\" sizes=\"auto, (max-width: 1024px) 100vw, 1024px\" \/><\/figure><\/div>\n<\/div><\/div>\n\n\n<style>.kadence-column371_ffc267-a9 > .kt-inside-inner-col,.kadence-column371_ffc267-a9 > .kt-inside-inner-col:before{border-top-left-radius:0px;border-top-right-radius:0px;border-bottom-right-radius:0px;border-bottom-left-radius:0px;}.kadence-column371_ffc267-a9 > .kt-inside-inner-col{column-gap:var(--global-kb-gap-sm, 1rem);}.kadence-column371_ffc267-a9 > .kt-inside-inner-col{flex-direction:column;}.kadence-column371_ffc267-a9 > .kt-inside-inner-col > .aligncenter{width:100%;}.kadence-column371_ffc267-a9 > .kt-inside-inner-col:before{opacity:0.3;}.kadence-column371_ffc267-a9{position:relative;}@media all and (max-width: 1024px){.kadence-column371_ffc267-a9 > .kt-inside-inner-col{flex-direction:column;justify-content:center;}}@media all and (max-width: 767px){.kadence-column371_ffc267-a9 > .kt-inside-inner-col{flex-direction:column;justify-content:center;}}<\/style>\n<div class=\"wp-block-kadence-column kadence-column371_ffc267-a9\"><div class=\"kt-inside-inner-col\"><\/div><\/div>\n\n<\/div><\/div>","protected":false},"excerpt":{"rendered":"<p>Plaisirs gourmands Appliquez la philosophie de Once in Brussels \u00e0 vos papilles gustatives, ajoutez-y nos bonnes adresses, mixez avec des sp\u00e9cialit\u00e9s bien de chez nous, saupoudrez d\u2019une pinc\u00e9e d\u2019humour et de bonne humeur, et vous obtiendrez nos plaisirs gourmands. Nous amenons amateurs et sp\u00e9cialistes \u00e0 se plonger dans l\u2019univers du chocolat ou dans le monde&#8230;<\/p>","protected":false},"author":1,"featured_media":0,"parent":0,"menu_order":0,"comment_status":"closed","ping_status":"closed","template":"","meta":{"_kad_post_transparent":"","_kad_post_title":"","_kad_post_layout":"","_kad_post_sidebar_id":"","_kad_post_content_style":"","_kad_post_vertical_padding":"","_kad_post_feature":"","_kad_post_feature_position":"","_kad_post_header":false,"_kad_post_footer":false,"_kad_post_classname":"","footnotes":""},"wf_page_folders":[32],"class_list":["post-371","page","type-page","status-publish","hentry"],"_links":{"self":[{"href":"https:\/\/onceinbrussels.be\/nl\/wp-json\/wp\/v2\/pages\/371","targetHints":{"allow":["GET"]}}],"collection":[{"href":"https:\/\/onceinbrussels.be\/nl\/wp-json\/wp\/v2\/pages"}],"about":[{"href":"https:\/\/onceinbrussels.be\/nl\/wp-json\/wp\/v2\/types\/page"}],"author":[{"embeddable":true,"href":"https:\/\/onceinbrussels.be\/nl\/wp-json\/wp\/v2\/users\/1"}],"replies":[{"embeddable":true,"href":"https:\/\/onceinbrussels.be\/nl\/wp-json\/wp\/v2\/comments?post=371"}],"version-history":[{"count":9,"href":"https:\/\/onceinbrussels.be\/nl\/wp-json\/wp\/v2\/pages\/371\/revisions"}],"predecessor-version":[{"id":669,"href":"https:\/\/onceinbrussels.be\/nl\/wp-json\/wp\/v2\/pages\/371\/revisions\/669"}],"wp:attachment":[{"href":"https:\/\/onceinbrussels.be\/nl\/wp-json\/wp\/v2\/media?parent=371"}],"wp:term":[{"taxonomy":"wf_page_folders","embeddable":true,"href":"https:\/\/onceinbrussels.be\/nl\/wp-json\/wp\/v2\/wf_page_folders?post=371"}],"curies":[{"name":"wp","href":"https:\/\/api.w.org\/{rel}","templated":true}]}}